{"id":1534,"date":"2017-01-17T14:29:52","date_gmt":"2017-01-17T13:29:52","guid":{"rendered":"https:\/\/www.campingledouzou.fr\/hebergements\/"},"modified":"2026-02-03T20:24:17","modified_gmt":"2026-02-03T19:24:17","slug":"accomodations","status":"publish","type":"page","link":"https:\/\/www.campingledouzou.fr\/en\/accomodations\/","title":{"rendered":"Accommodations of the campsite in Dordogne."},"content":{"rendered":"<h2>Un large choix parmi nos H\u00e9bergements\u2026<\/h2>\n<p>Pour un weekend ou un long s\u00e9jour, le douzou vous propose une gamme vari\u00e9e d\u2019h\u00e9bergements sur de grands emplacements en terrasse sans vis-\u00e0-vis en pleine nature. A chacun son coin de paradis, choisissez de venir s\u00e9journer avec votre propre tente ou caravane, de rencontrer d\u2019autres amis camping caristes ou d\u2019opter pour le confort d\u2019un mobil-home r\u00e9cent ou d\u2019une tente lodge Canada type Safary toute \u00e9quip\u00e9e.<\/p>\n<p>Location du samedi au samedi ou du dimanche au dimanche en juillet\/aout.<br \/>\nHoraire d\u2019arriv\u00e9e\/d\u00e9part en saison : disponible \u00e0 partir de 16h \u2013 \u00e0 lib\u00e9rer avant 10h.<\/p>\n","protected":false},"excerpt":{"rendered":"<p>Un large choix parmi nos H\u00e9bergements\u2026 Pour un weekend ou un long s\u00e9jour, le douzou [&hellip;]<\/p>\n","protected":false},"author":3,"featured_media":9457,"parent":0,"menu_order":0,"comment_status":"closed","ping_status":"closed","template":"","meta":{"_acf_changed":false,"footnotes":""},"class_list":["post-1534","page","type-page","status-publish","has-post-thumbnail","hentry"],"acf":[],"yoast_head":"<!-- This site is optimized with the Yoast SEO plugin v27.3 - https:\/\/yoast.com\/product\/yoast-seo-wordpress\/ -->\n<title>Accommodations Campsite Dordogne P\u00e9rigord Noir 3 Stars Le Douzou<\/title>\n<meta name=\"description\" content=\"Enjoy a varied range of accommodation among our mobile home, lodge tents, camping pitches, camping car in the nature and on the riverside\" \/>\n<meta name=\"robots\" content=\"index, follow, max-snippet:-1, max-image-preview:large, max-video-preview:-1\" \/>\n<link rel=\"canonical\" href=\"https:\/\/www.campingledouzou.fr\/en\/accomodations\/\" \/>\n<meta property=\"og:locale\" content=\"en_GB\" \/>\n<meta property=\"og:type\" content=\"article\" \/>\n<meta property=\"og:title\" content=\"Accommodations Campsite Dordogne P\u00e9rigord Noir 3 Stars Le Douzou\" \/>\n<meta property=\"og:description\" content=\"Enjoy a varied range of accommodation among our mobile home, lodge tents, camping pitches, camping car in the nature and on the riverside\" \/>\n<meta property=\"og:url\" content=\"https:\/\/www.campingledouzou.fr\/en\/accomodations\/\" \/>\n<meta property=\"og:site_name\" content=\"Camping Le Douzou\" \/>\n<meta property=\"article:modified_time\" content=\"2026-02-03T19:24:17+00:00\" \/>\n<meta property=\"og:image\" content=\"https:\/\/www.campingledouzou.fr\/wp-content\/uploads\/2018\/05\/mobile-home-ohara-884-3-chambres-camping-dordogne-perigord-noir-1.jpg\" \/>\n\t<meta property=\"og:image:width\" content=\"1024\" \/>\n\t<meta property=\"og:image:height\" content=\"768\" \/>\n\t<meta property=\"og:image:type\" content=\"image\/jpeg\" \/>\n<meta name=\"twitter:card\" content=\"summary_large_image\" \/>\n<meta name=\"twitter:label1\" content=\"Estimated reading time\" \/>\n\t<meta name=\"twitter:data1\" content=\"7 minutes\" \/>\n<script type=\"application\/ld+json\" class=\"yoast-schema-graph\">{\"@context\":\"https:\\\/\\\/schema.org\",\"@graph\":[{\"@type\":\"WebPage\",\"@id\":\"https:\\\/\\\/www.campingledouzou.fr\\\/en\\\/accomodations\\\/\",\"url\":\"https:\\\/\\\/www.campingledouzou.fr\\\/en\\\/accomodations\\\/\",\"name\":\"Accommodations Campsite Dordogne P\u00e9rigord Noir 3 Stars Le Douzou\",\"isPartOf\":{\"@id\":\"https:\\\/\\\/www.campingledouzou.fr\\\/en\\\/#website\"},\"primaryImageOfPage\":{\"@id\":\"https:\\\/\\\/www.campingledouzou.fr\\\/en\\\/accomodations\\\/#primaryimage\"},\"image\":{\"@id\":\"https:\\\/\\\/www.campingledouzou.fr\\\/en\\\/accomodations\\\/#primaryimage\"},\"thumbnailUrl\":\"https:\\\/\\\/www.campingledouzou.fr\\\/wp-content\\\/uploads\\\/2018\\\/05\\\/mobile-home-ohara-884-3-chambres-camping-dordogne-perigord-noir-1.jpg\",\"datePublished\":\"2017-01-17T13:29:52+00:00\",\"dateModified\":\"2026-02-03T19:24:17+00:00\",\"description\":\"Enjoy a varied range of accommodation among our mobile home, lodge tents, camping pitches, camping car in the nature and on the riverside\",\"breadcrumb\":{\"@id\":\"https:\\\/\\\/www.campingledouzou.fr\\\/en\\\/accomodations\\\/#breadcrumb\"},\"inLanguage\":\"en-GB\",\"potentialAction\":[{\"@type\":\"ReadAction\",\"target\":[\"https:\\\/\\\/www.campingledouzou.fr\\\/en\\\/accomodations\\\/\"]}]},{\"@type\":\"ImageObject\",\"inLanguage\":\"en-GB\",\"@id\":\"https:\\\/\\\/www.campingledouzou.fr\\\/en\\\/accomodations\\\/#primaryimage\",\"url\":\"https:\\\/\\\/www.campingledouzou.fr\\\/wp-content\\\/uploads\\\/2018\\\/05\\\/mobile-home-ohara-884-3-chambres-camping-dordogne-perigord-noir-1.jpg\",\"contentUrl\":\"https:\\\/\\\/www.campingledouzou.fr\\\/wp-content\\\/uploads\\\/2018\\\/05\\\/mobile-home-ohara-884-3-chambres-camping-dordogne-perigord-noir-1.jpg\",\"width\":1024,\"height\":768},{\"@type\":\"BreadcrumbList\",\"@id\":\"https:\\\/\\\/www.campingledouzou.fr\\\/en\\\/accomodations\\\/#breadcrumb\",\"itemListElement\":[{\"@type\":\"ListItem\",\"position\":1,\"name\":\"Camping Dordogne Le Douzou\",\"item\":\"https:\\\/\\\/www.campingledouzou.fr\\\/en\\\/\"},{\"@type\":\"ListItem\",\"position\":2,\"name\":\"Accommodations\"}]},{\"@type\":\"WebSite\",\"@id\":\"https:\\\/\\\/www.campingledouzou.fr\\\/en\\\/#website\",\"url\":\"https:\\\/\\\/www.campingledouzou.fr\\\/en\\\/\",\"name\":\"Camping Le Douzou\",\"description\":\"Camping Dordogne 3 \u00e9toiles\",\"publisher\":{\"@id\":\"https:\\\/\\\/www.campingledouzou.fr\\\/en\\\/#organization\"},\"potentialAction\":[{\"@type\":\"SearchAction\",\"target\":{\"@type\":\"EntryPoint\",\"urlTemplate\":\"https:\\\/\\\/www.campingledouzou.fr\\\/en\\\/?s={search_term_string}\"},\"query-input\":{\"@type\":\"PropertyValueSpecification\",\"valueRequired\":true,\"valueName\":\"search_term_string\"}}],\"inLanguage\":\"en-GB\"},{\"@type\":\"Organization\",\"@id\":\"https:\\\/\\\/www.campingledouzou.fr\\\/en\\\/#organization\",\"name\":\"camping dordogne le douzou\",\"url\":\"https:\\\/\\\/www.campingledouzou.fr\\\/en\\\/\",\"logo\":{\"@type\":\"ImageObject\",\"inLanguage\":\"en-GB\",\"@id\":\"https:\\\/\\\/www.campingledouzou.fr\\\/en\\\/#\\\/schema\\\/logo\\\/image\\\/\",\"url\":\"https:\\\/\\\/www.campingledouzou.fr\\\/wp-content\\\/uploads\\\/2019\\\/06\\\/piscine-chauffee-camping-perigord-1.jpg\",\"contentUrl\":\"https:\\\/\\\/www.campingledouzou.fr\\\/wp-content\\\/uploads\\\/2019\\\/06\\\/piscine-chauffee-camping-perigord-1.jpg\",\"width\":1024,\"height\":768,\"caption\":\"camping dordogne le douzou\"},\"image\":{\"@id\":\"https:\\\/\\\/www.campingledouzou.fr\\\/en\\\/#\\\/schema\\\/logo\\\/image\\\/\"}}]}<\/script>\n<!-- \/ Yoast SEO plugin. -->","yoast_head_json":{"title":"Accommodations Campsite Dordogne P\u00e9rigord Noir 3 Stars Le Douzou","description":"Enjoy a varied range of accommodation among our mobile home, lodge tents, camping pitches, camping car in the nature and on the riverside","robots":{"index":"index","follow":"follow","max-snippet":"max-snippet:-1","max-image-preview":"max-image-preview:large","max-video-preview":"max-video-preview:-1"},"canonical":"https:\/\/www.campingledouzou.fr\/en\/accomodations\/","og_locale":"en_GB","og_type":"article","og_title":"Accommodations Campsite Dordogne P\u00e9rigord Noir 3 Stars Le Douzou","og_description":"Enjoy a varied range of accommodation among our mobile home, lodge tents, camping pitches, camping car in the nature and on the riverside","og_url":"https:\/\/www.campingledouzou.fr\/en\/accomodations\/","og_site_name":"Camping Le Douzou","article_modified_time":"2026-02-03T19:24:17+00:00","og_image":[{"width":1024,"height":768,"url":"https:\/\/www.campingledouzou.fr\/wp-content\/uploads\/2018\/05\/mobile-home-ohara-884-3-chambres-camping-dordogne-perigord-noir-1.jpg","type":"image\/jpeg"}],"twitter_card":"summary_large_image","twitter_misc":{"Estimated reading time":"7 minutes"},"schema":{"@context":"https:\/\/schema.org","@graph":[{"@type":"WebPage","@id":"https:\/\/www.campingledouzou.fr\/en\/accomodations\/","url":"https:\/\/www.campingledouzou.fr\/en\/accomodations\/","name":"Accommodations Campsite Dordogne P\u00e9rigord Noir 3 Stars Le Douzou","isPartOf":{"@id":"https:\/\/www.campingledouzou.fr\/en\/#website"},"primaryImageOfPage":{"@id":"https:\/\/www.campingledouzou.fr\/en\/accomodations\/#primaryimage"},"image":{"@id":"https:\/\/www.campingledouzou.fr\/en\/accomodations\/#primaryimage"},"thumbnailUrl":"https:\/\/www.campingledouzou.fr\/wp-content\/uploads\/2018\/05\/mobile-home-ohara-884-3-chambres-camping-dordogne-perigord-noir-1.jpg","datePublished":"2017-01-17T13:29:52+00:00","dateModified":"2026-02-03T19:24:17+00:00","description":"Enjoy a varied range of accommodation among our mobile home, lodge tents, camping pitches, camping car in the nature and on the riverside","breadcrumb":{"@id":"https:\/\/www.campingledouzou.fr\/en\/accomodations\/#breadcrumb"},"inLanguage":"en-GB","potentialAction":[{"@type":"ReadAction","target":["https:\/\/www.campingledouzou.fr\/en\/accomodations\/"]}]},{"@type":"ImageObject","inLanguage":"en-GB","@id":"https:\/\/www.campingledouzou.fr\/en\/accomodations\/#primaryimage","url":"https:\/\/www.campingledouzou.fr\/wp-content\/uploads\/2018\/05\/mobile-home-ohara-884-3-chambres-camping-dordogne-perigord-noir-1.jpg","contentUrl":"https:\/\/www.campingledouzou.fr\/wp-content\/uploads\/2018\/05\/mobile-home-ohara-884-3-chambres-camping-dordogne-perigord-noir-1.jpg","width":1024,"height":768},{"@type":"BreadcrumbList","@id":"https:\/\/www.campingledouzou.fr\/en\/accomodations\/#breadcrumb","itemListElement":[{"@type":"ListItem","position":1,"name":"Camping Dordogne Le Douzou","item":"https:\/\/www.campingledouzou.fr\/en\/"},{"@type":"ListItem","position":2,"name":"Accommodations"}]},{"@type":"WebSite","@id":"https:\/\/www.campingledouzou.fr\/en\/#website","url":"https:\/\/www.campingledouzou.fr\/en\/","name":"Camping Le Douzou","description":"Camping Dordogne 3 \u00e9toiles","publisher":{"@id":"https:\/\/www.campingledouzou.fr\/en\/#organization"},"potentialAction":[{"@type":"SearchAction","target":{"@type":"EntryPoint","urlTemplate":"https:\/\/www.campingledouzou.fr\/en\/?s={search_term_string}"},"query-input":{"@type":"PropertyValueSpecification","valueRequired":true,"valueName":"search_term_string"}}],"inLanguage":"en-GB"},{"@type":"Organization","@id":"https:\/\/www.campingledouzou.fr\/en\/#organization","name":"camping dordogne le douzou","url":"https:\/\/www.campingledouzou.fr\/en\/","logo":{"@type":"ImageObject","inLanguage":"en-GB","@id":"https:\/\/www.campingledouzou.fr\/en\/#\/schema\/logo\/image\/","url":"https:\/\/www.campingledouzou.fr\/wp-content\/uploads\/2019\/06\/piscine-chauffee-camping-perigord-1.jpg","contentUrl":"https:\/\/www.campingledouzou.fr\/wp-content\/uploads\/2019\/06\/piscine-chauffee-camping-perigord-1.jpg","width":1024,"height":768,"caption":"camping dordogne le douzou"},"image":{"@id":"https:\/\/www.campingledouzou.fr\/en\/#\/schema\/logo\/image\/"}}]}},"_links":{"self":[{"href":"https:\/\/www.campingledouzou.fr\/en\/wp-json\/wp\/v2\/pages\/1534","targetHints":{"allow":["GET"]}}],"collection":[{"href":"https:\/\/www.campingledouzou.fr\/en\/wp-json\/wp\/v2\/pages"}],"about":[{"href":"https:\/\/www.campingledouzou.fr\/en\/wp-json\/wp\/v2\/types\/page"}],"author":[{"embeddable":true,"href":"https:\/\/www.campingledouzou.fr\/en\/wp-json\/wp\/v2\/users\/3"}],"replies":[{"embeddable":true,"href":"https:\/\/www.campingledouzou.fr\/en\/wp-json\/wp\/v2\/comments?post=1534"}],"version-history":[{"count":6,"href":"https:\/\/www.campingledouzou.fr\/en\/wp-json\/wp\/v2\/pages\/1534\/revisions"}],"predecessor-version":[{"id":13913,"href":"https:\/\/www.campingledouzou.fr\/en\/wp-json\/wp\/v2\/pages\/1534\/revisions\/13913"}],"wp:featuredmedia":[{"embeddable":true,"href":"https:\/\/www.campingledouzou.fr\/en\/wp-json\/wp\/v2\/media\/9457"}],"wp:attachment":[{"href":"https:\/\/www.campingledouzou.fr\/en\/wp-json\/wp\/v2\/media?parent=1534"}],"curies":[{"name":"wp","href":"https:\/\/api.w.org\/{rel}","templated":true}]}}